{"id":133,"date":"2022-07-24T16:36:50","date_gmt":"2022-07-24T16:36:50","guid":{"rendered":"https:\/\/findethic.pt\/?page_id=133"},"modified":"2025-10-25T08:33:16","modified_gmt":"2025-10-25T08:33:16","slug":"findethic","status":"publish","type":"page","link":"https:\/\/findethic.pt\/","title":{"rendered":"Bem-Vindos"},"content":{"rendered":"\t\t<div data-elementor-type=\"wp-post\" data-elementor-id=\"133\" class=\"elementor elementor-133\">\n\t\t\t\t\t\t<section class=\"elementor-section elementor-top-section elementor-element elementor-element-5d9225e3 elementor-section-boxed elementor-section-height-default elementor-section-height-default\" data-id=\"5d9225e3\" data-element_type=\"section\" data-e-type=\"section\">\n\t\t\t\t\t\t<div class=\"elementor-container elementor-column-gap-default\">\n\t\t\t\t\t<div class=\"elementor-column elementor-col-100 elementor-top-column elementor-element elementor-element-11857e2\" data-id=\"11857e2\" data-element_type=\"column\" data-e-type=\"column\">\n\t\t\t<div class=\"elementor-widget-wrap elementor-element-populated\">\n\t\t\t\t\t\t<div class=\"elementor-element elementor-element-4924772 elementor-widget elementor-widget-text-editor\" data-id=\"4924772\" data-element_type=\"widget\" data-e-type=\"widget\" data-widget_type=\"text-editor.default\">\n\t\t\t\t<div class=\"elementor-widget-container\">\n\t\t\t\t\t\t\t\t\t<p><style>\/*! elementor - v3.6.8 - 27-07-2022 *\/<br \/>.elementor-heading-title{padding:0;margin:0;line-height:1}.elementor-widget-heading .elementor-heading-title[class*=elementor-size-]>a{color:inherit;font-size:inherit;line-height:inherit}.elementor-widget-heading .elementor-heading-title.elementor-size-small{font-size:15px}.elementor-widget-heading .elementor-heading-title.elementor-size-medium{font-size:19px}.elementor-widget-heading .elementor-heading-title.elementor-size-large{font-size:29px}.elementor-widget-heading .elementor-heading-title.elementor-size-xl{font-size:39px}.elementor-widget-heading .elementor-heading-title.elementor-size-xxl{font-size:59px}<\/style><\/p>\n<p><!-- \/wp:html --><\/p>\n<p><!-- wp:heading --><\/p>\n<h2><b style=\"font-family: inherit; font-size: 2rem; color: #333399;\">FindEthic &#8211; Consultoria e Forma\u00e7\u00e3o<\/b><\/h2>\n<div><span style=\"font-family: inherit; color: #000080; font-size: 2rem;\">O seu parceiro, ideal para refor\u00e7ar o ambiente \u00e9tico e de controlo da sua Organiza\u00e7\u00e3o, em conformidade legal<\/span><\/div>\n<p><!-- \/wp:heading --><\/p>\n<p><style>\/*! elementor - v3.6.8 - 27-07-2022 *\/<br \/>.elementor-widget-image{text-align:center}.elementor-widget-image a{display:inline-block}.elementor-widget-image a img[src$=\".svg\"]{width:48px}.elementor-widget-image img{vertical-align:middle;display:inline-block}<\/style><\/p>\t\t\t\t\t\t\t\t<\/div>\n\t\t\t\t<\/div>\n\t\t\t\t\t<\/div>\n\t\t<\/div>\n\t\t\t\t\t<\/div>\n\t\t<\/section>\n\t\t\t\t<section class=\"elementor-section elementor-top-section elementor-element elementor-element-6561f98 elementor-section-boxed elementor-section-height-default elementor-section-height-default\" data-id=\"6561f98\" data-element_type=\"section\" data-e-type=\"section\">\n\t\t\t\t\t\t<div class=\"elementor-container elementor-column-gap-default\">\n\t\t\t\t\t<div class=\"elementor-column elementor-col-100 elementor-top-column elementor-element elementor-element-760b063\" data-id=\"760b063\" data-element_type=\"column\" data-e-type=\"column\">\n\t\t\t<div class=\"elementor-widget-wrap elementor-element-populated\">\n\t\t\t\t\t\t<div class=\"elementor-element elementor-element-622fb89 elementor-widget__width-initial elementor-widget elementor-widget-video\" data-id=\"622fb89\" data-element_type=\"widget\" data-e-type=\"widget\" data-settings=\"{&quot;video_type&quot;:&quot;hosted&quot;,&quot;controls&quot;:&quot;yes&quot;}\" data-widget_type=\"video.default\">\n\t\t\t\t<div class=\"elementor-widget-container\">\n\t\t\t\t\t\t\t<div class=\"e-hosted-video elementor-wrapper elementor-open-inline\">\n\t\t\t\t\t<video class=\"elementor-video\" src=\"https:\/\/findethic.pt\/wp-content\/uploads\/2025\/10\/Ap_Findethic.mp4\" controls=\"\" preload=\"metadata\" controlsList=\"nodownload\"><\/video>\n\t\t\t\t<\/div>\n\t\t\t\t\t\t<\/div>\n\t\t\t\t<\/div>\n\t\t\t\t\t<\/div>\n\t\t<\/div>\n\t\t\t\t\t<\/div>\n\t\t<\/section>\n\t\t\t\t<\/div>\n\t\t","protected":false},"excerpt":{"rendered":"<p>FindEthic &#8211; Consultoria e Forma\u00e7\u00e3o O seu parceiro, ideal para refor\u00e7ar o ambiente \u00e9tico e de controlo da sua Organiza\u00e7\u00e3o, em conformidade legal https:\/\/findethic.pt\/wp-content\/uploads\/2025\/10\/Ap_Findethic.mp4<\/p>\n","protected":false},"author":1,"featured_media":0,"parent":0,"menu_order":0,"comment_status":"closed","ping_status":"closed","template":"","meta":{"_acf_changed":false,"footnotes":""},"class_list":["post-133","page","type-page","status-publish","hentry"],"acf":[],"_links":{"self":[{"href":"https:\/\/findethic.pt\/index.php?rest_route=\/wp\/v2\/pages\/133","targetHints":{"allow":["GET"]}}],"collection":[{"href":"https:\/\/findethic.pt\/index.php?rest_route=\/wp\/v2\/pages"}],"about":[{"href":"https:\/\/findethic.pt\/index.php?rest_route=\/wp\/v2\/types\/page"}],"author":[{"embeddable":true,"href":"https:\/\/findethic.pt\/index.php?rest_route=\/wp\/v2\/users\/1"}],"replies":[{"embeddable":true,"href":"https:\/\/findethic.pt\/index.php?rest_route=%2Fwp%2Fv2%2Fcomments&post=133"}],"version-history":[{"count":120,"href":"https:\/\/findethic.pt\/index.php?rest_route=\/wp\/v2\/pages\/133\/revisions"}],"predecessor-version":[{"id":659,"href":"https:\/\/findethic.pt\/index.php?rest_route=\/wp\/v2\/pages\/133\/revisions\/659"}],"wp:attachment":[{"href":"https:\/\/findethic.pt\/index.php?rest_route=%2Fwp%2Fv2%2Fmedia&parent=133"}],"curies":[{"name":"wp","href":"https:\/\/api.w.org\/{rel}","templated":true}]}}