{"id":152,"date":"2022-08-05T20:55:59","date_gmt":"2022-08-05T20:55:59","guid":{"rendered":"https:\/\/findethic.pt\/?page_id=152"},"modified":"2025-10-25T08:50:54","modified_gmt":"2025-10-25T08:50:54","slug":"os-nossos-servicos","status":"publish","type":"page","link":"https:\/\/findethic.pt\/?page_id=152","title":{"rendered":"Os nossos servi\u00e7os"},"content":{"rendered":"\t\t<div data-elementor-type=\"wp-page\" data-elementor-id=\"152\" class=\"elementor elementor-152\">\n\t\t\t\t\t\t<section class=\"elementor-section elementor-top-section elementor-element elementor-element-b7ee917 elementor-section-boxed elementor-section-height-default elementor-section-height-default\" data-id=\"b7ee917\" data-element_type=\"section\" data-e-type=\"section\">\n\t\t\t\t\t\t<div class=\"elementor-container elementor-column-gap-default\">\n\t\t\t\t\t<div class=\"elementor-column elementor-col-100 elementor-top-column elementor-element elementor-element-559bb2d\" data-id=\"559bb2d\" data-element_type=\"column\" data-e-type=\"column\">\n\t\t\t<div class=\"elementor-widget-wrap elementor-element-populated\">\n\t\t\t\t\t\t<div class=\"elementor-element elementor-element-2061a38 elementor-widget elementor-widget-text-editor\" data-id=\"2061a38\" data-element_type=\"widget\" data-e-type=\"widget\" data-widget_type=\"text-editor.default\">\n\t\t\t\t<div class=\"elementor-widget-container\">\n\t\t\t\t\t\t\t\t\t<p><span style=\"color: #000080;\"><strong>O Decreto-Lei n.\u00ba 109-E\/2021, de 9 dezembro \u00e9 a consagra\u00e7\u00e3o legal do \u00a0destaque que merecem as poli\u0301ticas anticorrupc\u0327a\u0303o, enquanto instrumento de construc\u0327a\u0303o de uma sociedade mais justa, igualita\u0301ria, inclusiva e do restabelecimento de lac\u0327os de confianc\u0327a so\u0301lidos entre os cidada\u0303os, as comunidades e as suas instituic\u0327o\u0303es democra\u0301ticas.<\/strong><\/span><\/p><p><span style=\"color: #000080;\"><strong>O feno\u0301meno da corrupc\u0327a\u0303o ofende a esse\u0302ncia da democracia e os seus princi\u0301pios fundamentais, designadamente os da igualdade, transpare\u0302ncia, livre concorre\u0302ncia, imparcialidade, legalidade, integridade e a justa redistribuic\u0327a\u0303o de riqueza.<\/strong><\/span><\/p><p><span style=\"color: #000080;\"><strong>A fonte da presente iniciativa legislativa e\u0301, por conseguinte, a Estrate\u0301gia, e o seu objetivo e\u0301 o de concretizar a proposta de criac\u0327a\u0303o de um regime geral da prevenc\u0327a\u0303o da corrupc\u0327a\u0303o.<\/strong><\/span><\/p><p><span style=\"color: #000080;\"><strong>O \u00a0Regime Geral de Prevenc\u0327a\u0303o da Corrupc\u0327a\u0303o obriga \u00e0 implementac\u0327a\u0303o de programas de cumprimento normativo, os quais devera\u0303o incluir instrumentos como os planos de prevenc\u0327a\u0303o ou gesta\u0303o de riscos, os co\u0301digos de e\u0301tica e de conduta, programas de formac\u0327a\u0303o, os canais de denu\u0301ncia e a designac\u0327a\u0303o de um responsa\u0301vel pelo cumprimento normativo.<\/strong><\/span><\/p><p><span style=\"color: #000080;\"><strong>Sa\u0303o previstas sanc\u0327o\u0303es, nomeadamente contraordenacionais, aplica\u0301veis quer ao setor pu\u0301blico, quer ao setor privado, para a na\u0303o adoc\u0327a\u0303o ou adoc\u0327a\u0303o deficiente ou incompleta de programas de cumprimento normativo.<\/strong><\/span><\/p><p><span style=\"color: #000080;\"><strong>Este regime determina tambe\u0301m a implementac\u0327a\u0303o de sistemas de controlo interno que assegurem a efetividade dos instrumentos integrantes do programa de cumprimento normativo, bem como a transpare\u0302ncia e imparcialidade dos procedimentos e deciso\u0303es, prevendo-se igualmente um regime sancionato\u0301rio pro\u0301prio.<\/strong><\/span><\/p><p><span style=\"color: #000080;\"><strong>Os titulares do o\u0301rga\u0303o de administrac\u0327a\u0303o ou dirigentes das pessoas coletivas ou entidades equiparadas, o responsa\u0301vel pelo cumprimento normativo, bem como os responsa\u0301veis pela direc\u0327a\u0303o ou fiscalizac\u0327a\u0303o de a\u0301reas de atividade em que seja praticada alguma contraordenac\u0327a\u0303o sa\u0303o responsa\u0301veis pelas contraordenac\u0327o\u0303es previstas no presente decreto-lei quando pratiquem os factos ou quando, conhecendo ou devendo conhecer a sua pra\u0301tica, na\u0303o adotem as medidas adequadas para lhes po\u0302r termo.<\/strong><\/span><\/p><p><span style=\"color: #000080;\"><strong>Este diploma legal \u00a0j\u00e1 se encontra em vigor e que obriga \u00e0 implementa\u00e7\u00e3o de um sistema de cumprimento normativo, que responsabiliza os decisores da organiza\u00e7\u00e3o e os sanciona caso este sistema n\u00e3o esteja implementado, ou a implementa\u00e7\u00e3o n\u00e3o esteja em conformidade com os requisitos da Lei.<\/strong><\/span><\/p><p><span style=\"color: #000080;\"><strong>Neste sentido, pode contar com a Findethic, empresa que re\u00fane as condi\u00e7\u00f5es necess\u00e1rias para apoiar a sua organiza\u00e7\u00e3o a cumprir o Decreto-Lei n.\u00ba 109-E\/2021, de 9 de Dezembro, que estabelece o Regime Geral da Preven\u00e7\u00e3o da Corrup\u00e7\u00e3o, bem como a Lei n.\u00ba 93\/2021, de 20 de dezembro, que estabelece o Regime de Prote\u00e7\u00e3o de Denunciantes de Infra\u00e7\u00f5es (canais de den\u00fancias).<\/strong><\/span><\/p>\t\t\t\t\t\t\t\t<\/div>\n\t\t\t\t<\/div>\n\t\t\t\t\t<\/div>\n\t\t<\/div>\n\t\t\t\t\t<\/div>\n\t\t<\/section>\n\t\t\t\t<section class=\"elementor-section elementor-top-section elementor-element elementor-element-efa8f96 elementor-section-boxed elementor-section-height-default elementor-section-height-default\" data-id=\"efa8f96\" data-element_type=\"section\" data-e-type=\"section\">\n\t\t\t\t\t\t<div class=\"elementor-container elementor-column-gap-default\">\n\t\t\t\t\t<div class=\"elementor-column elementor-col-100 elementor-top-column elementor-element elementor-element-298db45\" data-id=\"298db45\" data-element_type=\"column\" data-e-type=\"column\">\n\t\t\t<div class=\"elementor-widget-wrap elementor-element-populated\">\n\t\t\t\t\t\t<div class=\"elementor-element elementor-element-f091fdc elementor-widget elementor-widget-heading\" data-id=\"f091fdc\" data-element_type=\"widget\" data-e-type=\"widget\" data-widget_type=\"heading.default\">\n\t\t\t\t<div class=\"elementor-widget-container\">\n\t\t\t\t\t<h2 class=\"elementor-heading-title elementor-size-default\">Consultoria<\/h2>\t\t\t\t<\/div>\n\t\t\t\t<\/div>\n\t\t\t\t\t<\/div>\n\t\t<\/div>\n\t\t\t\t\t<\/div>\n\t\t<\/section>\n\t\t\t\t<section class=\"elementor-section elementor-top-section elementor-element elementor-element-63d5985 elementor-section-boxed elementor-section-height-default elementor-section-height-default\" data-id=\"63d5985\" data-element_type=\"section\" data-e-type=\"section\">\n\t\t\t\t\t\t<div class=\"elementor-container elementor-column-gap-default\">\n\t\t\t\t\t<div class=\"elementor-column elementor-col-20 elementor-top-column elementor-element elementor-element-3d3e730\" data-id=\"3d3e730\" data-element_type=\"column\" data-e-type=\"column\">\n\t\t\t<div class=\"elementor-widget-wrap elementor-element-populated\">\n\t\t\t\t\t\t<div class=\"elementor-element elementor-element-5f10d08 elementor-widget elementor-widget-text-editor\" data-id=\"5f10d08\" data-element_type=\"widget\" data-e-type=\"widget\" data-widget_type=\"text-editor.default\">\n\t\t\t\t<div class=\"elementor-widget-container\">\n\t\t\t\t\t\t\t\t\t<ul><li style=\"text-align: left;\"><span style=\"color: #000000;\"><strong>Elabora\u00e7\u00e3o e apoio na implementa\u00e7\u00e3o de C\u00f3digos de \u00c9tica e de Conduta.<\/strong><\/span><\/li><li style=\"text-align: left;\"><span style=\"color: #000000;\"><strong>Elabora\u00e7\u00e3o do Regulamento do Canal de Den\u00fancias<\/strong><\/span><\/li><\/ul>\t\t\t\t\t\t\t\t<\/div>\n\t\t\t\t<\/div>\n\t\t\t\t\t<\/div>\n\t\t<\/div>\n\t\t\t\t<div class=\"elementor-column elementor-col-20 elementor-top-column elementor-element elementor-element-d345491\" data-id=\"d345491\" data-element_type=\"column\" data-e-type=\"column\">\n\t\t\t<div class=\"elementor-widget-wrap elementor-element-populated\">\n\t\t\t\t\t\t<div class=\"elementor-element elementor-element-c9ec4fa elementor-widget elementor-widget-text-editor\" data-id=\"c9ec4fa\" data-element_type=\"widget\" data-e-type=\"widget\" data-widget_type=\"text-editor.default\">\n\t\t\t\t<div class=\"elementor-widget-container\">\n\t\t\t\t\t\t\t\t\t<ul><li><span style=\"color: #000000;\"><strong>Elabora\u00e7\u00e3o de Planos de Preven\u00e7\u00e3o de Riscos de Corrup\u00e7\u00e3o e de Infra\u00e7\u00f5es Conexas.<\/strong><\/span><\/li><\/ul>\t\t\t\t\t\t\t\t<\/div>\n\t\t\t\t<\/div>\n\t\t\t\t\t<\/div>\n\t\t<\/div>\n\t\t\t\t<div class=\"elementor-column elementor-col-20 elementor-top-column elementor-element elementor-element-1e79afe\" data-id=\"1e79afe\" data-element_type=\"column\" data-e-type=\"column\">\n\t\t\t<div class=\"elementor-widget-wrap elementor-element-populated\">\n\t\t\t\t\t\t<div class=\"elementor-element elementor-element-d710367 elementor-widget elementor-widget-text-editor\" data-id=\"d710367\" data-element_type=\"widget\" data-e-type=\"widget\" data-widget_type=\"text-editor.default\">\n\t\t\t\t<div class=\"elementor-widget-container\">\n\t\t\t\t\t\t\t\t\t<ul><li><span style=\"color: #000000;\"><strong>Elabora\u00e7\u00e3o\u00a0<span style=\"text-align: justify; font-family: var( --e-global-typography-text-font-family ), Sans-serif; font-size: 1rem;\">e apoio na implementa\u00e7\u00e3o<\/span><span style=\"text-align: justify; font-family: var( --e-global-typography-text-font-family ), Sans-serif; font-size: 1rem;\">\u00a0<\/span><span style=\"font-family: var( --e-global-typography-text-font-family ), Sans-serif; font-size: 1rem;\">do Plano de Controlo Interno.<\/span><\/strong><\/span><\/li><\/ul>\t\t\t\t\t\t\t\t<\/div>\n\t\t\t\t<\/div>\n\t\t\t\t\t<\/div>\n\t\t<\/div>\n\t\t\t\t<div class=\"elementor-column elementor-col-20 elementor-top-column elementor-element elementor-element-b592c2f\" data-id=\"b592c2f\" data-element_type=\"column\" data-e-type=\"column\">\n\t\t\t<div class=\"elementor-widget-wrap elementor-element-populated\">\n\t\t\t\t\t\t<div class=\"elementor-element elementor-element-29b8d37 elementor-widget elementor-widget-text-editor\" data-id=\"29b8d37\" data-element_type=\"widget\" data-e-type=\"widget\" data-widget_type=\"text-editor.default\">\n\t\t\t\t<div class=\"elementor-widget-container\">\n\t\t\t\t\t\t\t\t\t<ul><li><strong>Apoio \u00e0 implementa\u00e7\u00e3o de Canal de Den\u00fancias.<\/strong><\/li><\/ul>\t\t\t\t\t\t\t\t<\/div>\n\t\t\t\t<\/div>\n\t\t\t\t\t<\/div>\n\t\t<\/div>\n\t\t\t\t<div class=\"elementor-column elementor-col-20 elementor-top-column elementor-element elementor-element-e1d5b29\" data-id=\"e1d5b29\" data-element_type=\"column\" data-e-type=\"column\">\n\t\t\t<div class=\"elementor-widget-wrap elementor-element-populated\">\n\t\t\t\t\t\t<div class=\"elementor-element elementor-element-0c7583f elementor-widget elementor-widget-text-editor\" data-id=\"0c7583f\" data-element_type=\"widget\" data-e-type=\"widget\" data-widget_type=\"text-editor.default\">\n\t\t\t\t<div class=\"elementor-widget-container\">\n\t\t\t\t\t\t\t\t\t<ul><li><strong><span style=\"color: #000000;\">Apoio no desenvolvimento\u00a0<span style=\"text-align: justify; font-family: var( --e-global-typography-text-font-family ), Sans-serif; font-size: 1rem;\">e na Implementa\u00e7\u00e3o<\/span><span style=\"text-align: justify; font-family: var( --e-global-typography-text-font-family ), Sans-serif; font-size: 1rem;\">\u00a0<\/span><span style=\"font-family: var( --e-global-typography-text-font-family ), Sans-serif; font-size: 1rem;\">de processos de avalia\u00e7\u00e3o pr\u00e9via (Due Diligence) a Entidades Terceiras.<\/span><\/span><\/strong><\/li><\/ul>\t\t\t\t\t\t\t\t<\/div>\n\t\t\t\t<\/div>\n\t\t\t\t\t<\/div>\n\t\t<\/div>\n\t\t\t\t\t<\/div>\n\t\t<\/section>\n\t\t\t\t<section class=\"elementor-section elementor-top-section elementor-element elementor-element-625db26 elementor-section-boxed elementor-section-height-default elementor-section-height-default\" data-id=\"625db26\" data-element_type=\"section\" data-e-type=\"section\">\n\t\t\t\t\t\t<div class=\"elementor-container elementor-column-gap-default\">\n\t\t\t\t\t<div class=\"elementor-column elementor-col-100 elementor-top-column elementor-element elementor-element-e518331\" data-id=\"e518331\" data-element_type=\"column\" data-e-type=\"column\">\n\t\t\t<div class=\"elementor-widget-wrap elementor-element-populated\">\n\t\t\t\t\t\t<div class=\"elementor-element elementor-element-ba7184f elementor-widget elementor-widget-heading\" data-id=\"ba7184f\" data-element_type=\"widget\" data-e-type=\"widget\" data-widget_type=\"heading.default\">\n\t\t\t\t<div class=\"elementor-widget-container\">\n\t\t\t\t\t<h2 class=\"elementor-heading-title elementor-size-default\">Forma\u00e7\u00e3o<\/h2>\t\t\t\t<\/div>\n\t\t\t\t<\/div>\n\t\t\t\t\t<\/div>\n\t\t<\/div>\n\t\t\t\t\t<\/div>\n\t\t<\/section>\n\t\t\t\t<section class=\"elementor-section elementor-top-section elementor-element elementor-element-74ba253 elementor-section-boxed elementor-section-height-default elementor-section-height-default\" data-id=\"74ba253\" data-element_type=\"section\" data-e-type=\"section\">\n\t\t\t\t\t\t<div class=\"elementor-container elementor-column-gap-default\">\n\t\t\t\t\t<div class=\"elementor-column elementor-col-100 elementor-top-column elementor-element elementor-element-b1bcfa9\" data-id=\"b1bcfa9\" data-element_type=\"column\" data-e-type=\"column\">\n\t\t\t<div class=\"elementor-widget-wrap elementor-element-populated\">\n\t\t\t\t\t\t<div class=\"elementor-element elementor-element-cf6eab7 elementor-widget elementor-widget-text-editor\" data-id=\"cf6eab7\" data-element_type=\"widget\" data-e-type=\"widget\" data-widget_type=\"text-editor.default\">\n\t\t\t\t<div class=\"elementor-widget-container\">\n\t\t\t\t\t\t\t\t\t<ul><li><strong><span style=\"color: #000000;\">Decreto Lei 109\/E, de 9 de Dezembro de 2021, que cria o Mecanismo Nacional Anticorrup\u00e7\u00e3o e estabelece o Regime Geral de Preven\u00e7\u00e3o da Corrup\u00e7\u00e3o.<\/span><\/strong><\/li><li><strong><span style=\"color: #000000;\">Lei n.\u00ba 93, de 20 de Dezembro de 2021, que estabelece o Regime Geral de Prote\u00e7\u00e3o de Denunciantes de Infra\u00e7\u00f5es, transpondo a Diretiva (UE) 2019\/1937 do Parlamento Europeu e do Conselho, de 23 de outubro de 2019, relativa \u00e0 prote\u00e7\u00e3o das pessoas que denunciam viola\u00e7\u00f5es do direito da Uni\u00e3o.<\/span><\/strong><\/li><li><strong><span style=\"color: #000000;\">Tratamento de Den\u00fancias &#8211; Investiga\u00e7\u00f5es Internas.<\/span><\/strong><\/li><li><strong><span style=\"color: #000000;\">ISO 37301 &#8211; Sistemas de Gest\u00e3o de Compliance.<\/span><\/strong><\/li><li><strong><span style=\"color: #000000;\">ISO 37001 &#8211; Sistemas de Gest\u00e3o Anti-corrup\u00e7\u00e3o.<\/span><\/strong><\/li><li><strong><span style=\"color: #000000;\">ISO 37002 &#8211; Sistemas de Gest\u00e3o de Canais de Irregularidades.<\/span><\/strong><\/li><li><strong><span style=\"color: #000000;\">ISO 37008 &#8211;\u00a0<\/span><\/strong><span style=\"color: #000000;\"><b>Investiga\u00e7\u00f5es Internas das Organiza\u00e7\u00f5es &#8211; Orienta\u00e7\u00e3o.<\/b><\/span><\/li><li><strong><span style=\"color: #000000;\">ISO 31000 &#8211; Gest\u00e3o do Risco.<\/span><\/strong><\/li><li><strong><span style=\"color: #000000;\">RGPD &#8211; Regulamento Geral da Prote\u00e7\u00e3o de Dados.<\/span><\/strong><\/li><li><strong><span style=\"color: #000000;\">Ciberseguran\u00e7a.<\/span><\/strong><\/li><li><strong><span style=\"color: #000000;\">Preven\u00e7\u00e3o, Dete\u00e7\u00e3o e Investiga\u00e7\u00e3o de Fraudes.<\/span><\/strong><\/li><li><strong><span style=\"color: #000000;\">Preven\u00e7\u00e3o do Ass\u00e9dio Moral, Sexual e Discrimina\u00e7\u00e3o de G\u00e9nero.<\/span><\/strong><\/li><li><strong><span style=\"color: #000000;\">Controlo Interno.<\/span><\/strong><\/li><li><strong><span style=\"color: #000000;\">Auditoria Interna.<\/span><\/strong><\/li><\/ul>\t\t\t\t\t\t\t\t<\/div>\n\t\t\t\t<\/div>\n\t\t\t\t\t<\/div>\n\t\t<\/div>\n\t\t\t\t\t<\/div>\n\t\t<\/section>\n\t\t\t\t<\/div>\n\t\t","protected":false},"excerpt":{"rendered":"<p>O Decreto-Lei n.\u00ba 109-E\/2021, de 9 dezembro \u00e9 a consagra\u00e7\u00e3o legal do \u00a0destaque que merecem as poli\u0301ticas anticorrupc\u0327a\u0303o, enquanto instrumento de construc\u0327a\u0303o de uma sociedade mais justa, igualita\u0301ria, inclusiva e do restabelecimento de lac\u0327os de confianc\u0327a so\u0301lidos entre os cidada\u0303os, as comunidades e as suas instituic\u0327o\u0303es democra\u0301ticas. O feno\u0301meno da corrupc\u0327a\u0303o ofende a esse\u0302ncia da [&hellip;]<\/p>\n","protected":false},"author":1,"featured_media":0,"parent":0,"menu_order":0,"comment_status":"closed","ping_status":"closed","template":"","meta":{"_acf_changed":false,"footnotes":""},"class_list":["post-152","page","type-page","status-publish","hentry"],"acf":[],"_links":{"self":[{"href":"https:\/\/findethic.pt\/index.php?rest_route=\/wp\/v2\/pages\/152","targetHints":{"allow":["GET"]}}],"collection":[{"href":"https:\/\/findethic.pt\/index.php?rest_route=\/wp\/v2\/pages"}],"about":[{"href":"https:\/\/findethic.pt\/index.php?rest_route=\/wp\/v2\/types\/page"}],"author":[{"embeddable":true,"href":"https:\/\/findethic.pt\/index.php?rest_route=\/wp\/v2\/users\/1"}],"replies":[{"embeddable":true,"href":"https:\/\/findethic.pt\/index.php?rest_route=%2Fwp%2Fv2%2Fcomments&post=152"}],"version-history":[{"count":64,"href":"https:\/\/findethic.pt\/index.php?rest_route=\/wp\/v2\/pages\/152\/revisions"}],"predecessor-version":[{"id":685,"href":"https:\/\/findethic.pt\/index.php?rest_route=\/wp\/v2\/pages\/152\/revisions\/685"}],"wp:attachment":[{"href":"https:\/\/findethic.pt\/index.php?rest_route=%2Fwp%2Fv2%2Fmedia&parent=152"}],"curies":[{"name":"wp","href":"https:\/\/api.w.org\/{rel}","templated":true}]}}